{"id":6205,"date":"2025-07-07T20:15:51","date_gmt":"2025-07-07T20:15:51","guid":{"rendered":"https:\/\/minfin.cw\/fatca-crs-intro-nl\/faq\/"},"modified":"2025-07-08T05:06:22","modified_gmt":"2025-07-08T05:06:22","slug":"veel-gestelde-vragen","status":"publish","type":"page","link":"https:\/\/minfin.cw\/nl\/fatca-crs-intro-nl\/veel-gestelde-vragen\/","title":{"rendered":"Veel gestelde vragen"},"content":{"rendered":"<section class=\"wpb-content-wrapper\"><p>[vc_row][vc_column width=&#8221;1\/3&#8243;][vc_custom_heading text=&#8221;Subpages&#8221; font_container=&#8221;tag:h4|text_align:left&#8221; use_theme_fonts=&#8221;yes&#8221; src=&#8221;&#8220;\/wp-content\/themes\/betheme-child\/images\/title-down-arrow.png&#8220;&#8221; width=&#8221;&#8220;10&#8220;&#8221; height=&#8221;&#8220;12&#8220;\/&#8221; el_class=&#8221;left-sidebar-title&#8221;][vc_wp_custommenu nav_menu=&#8221;281&#8243; el_class=&#8221;sidebar-menu&#8221;][\/vc_column][vc_column width=&#8221;2\/3&#8243;][vc_custom_heading text=&#8221;FAQ&#8221; use_theme_fonts=&#8221;yes&#8221;][vc_column_text el_class=&#8221;esm-content&#8221;]<section id='' class='helpie-faq accordions faq-toggle custom-styles ' data-collection='' data-pagination='0' data-search='0' data-pagination-enabled='0'><form class=\"search\" onSubmit=\"return false;\"><div class=\"search__wrapper\"><input type=\"text\" class=\"search__input\" placeholder=\"Search FAQ\"><span class=\"search__icon\"><svg class=\"svg-icon--search\" role=\"img\" xmlns=\"http:\/\/www.w3.org\/2000\/svg\" viewBox=\"0 0 22 22\">\r\n                        <g fill=\"none\" stroke=\"#171717\">\r\n                            <path stroke-linecap=\"square\" stroke-width=\"2\" d=\"M18.5 18.3l-5.4-5.4\"\/>\r\n                            <circle cx=\"8\" cy=\"8\" r=\"7\" stroke-width=\"2\"\/>\r\n                        <\/g>\r\n                    <\/svg><\/span><\/div><div class=\"search__message\"><\/div><\/form><article class=\"accordion \"><li class=\"accordion__item \"><div class=\"accordion__header \" data-id=\"post-6218\" data-item=\"hfaq-post-6218\" style=\"background:#FFFFFF;\" data-tags=\"\"><div class=\"accordion__title\">Hoe wordt het fiscale woonland of domicilie bepaald?<\/div><\/div><div class=\"accordion__body\" style=\"background:#FCFCFC;\"><p>Iedereen heeft een fiscaal woonland en elke organisatie heeft een land van fiscaal verblijf. Financi\u00eble instellingen zijn verplicht om het fiscale woonland of domicilie van hun klanten te bepalen. Dit doen ze op een andere manier voor nieuwe klanten dan voor bestaande klanten.<\/p>\n<h3><strong>Een nieuwe klant<\/strong><\/h3>\n<p>Vanaf 1 januari 2016 zijn financi\u00eble instellingen in CRS-landen verplicht om nieuwe klanten een &#8216;zelfverklaring&#8217; te laten invullen. In Cura\u00e7ao kunnen natuurlijke personen dit doen met het formulier &#8216;Bepaling fiscale woonplaats&#8217; en organisaties met het formulier &#8216;Bepaling fiscale status&#8217;. Bijna alle financi\u00eble instellingen in Cura\u00e7ao gebruiken deze formulieren. Ze zijn opgesteld door het Ministerie van Financi\u00ebn.<\/p>\n<h3><strong>Een bestaande klant<\/strong><\/h3>\n<p>Voor klanten die al op 1 januari 2016 rekeninghouder waren, mogen de financi\u00eble instellingen vertrouwen op de informatie die ze al hebben. Als er een vermoeden is dat deze informatie onjuist is, moet de instelling de klant vragen om een zelfverklaring te verstrekken. De reden hiervoor kan bijvoorbeeld zijn een verhuizing naar het buitenland, als de klant een buitenlands telefoonnummer opgeeft, of als de informatie verouderd is.<\/p>\n<\/div><\/li><li class=\"accordion__item \"><div class=\"accordion__header \" data-id=\"post-6215\" data-item=\"hfaq-post-6215\" style=\"background:#FFFFFF;\" data-tags=\"\"><div class=\"accordion__title\">Welke gegevens zijn vereist en wat gebeurt ermee?<\/div><\/div><div class=\"accordion__body\" style=\"background:#FCFCFC;\"><p>Als een financi\u00eble instelling vaststelt dat een klant (ook) een fiscale woonplaats of domicilie in een ander land heeft, zal zij allerlei persoonsgegevens over deze klant aan ons doorgeven, zoals:<\/p>\n<ul>\n<li>naam<\/li>\n<li>adres<\/li>\n<li>geboortedatum en geboorteplaats<\/li>\n<li>woonland of woonland voor fiscale doeleinden<\/li>\n<li>het belastingidentificatienummer van het woonland of land van vestiging<\/li>\n<\/ul>\n<p>Daarnaast verstrekt de financi\u00eble instelling onder andere de volgende financi\u00eble gegevens:<\/p>\n<ul>\n<li>het rekeningnummer of polisnummer (voor verzekering)<\/li>\n<li>het saldo of de waarde van de rekening<\/li>\n<li>de rente- en dividendinkomsten<\/li>\n<li>de waarden van kapitaal- en lijfrenteverzekeringen<\/li>\n<li>de opbrengsten uit de verkoop van financi\u00eble producten zoals effecten<\/li>\n<\/ul>\n<h3><strong>Wat gebeurt er met de gegevens?<\/strong><\/h3>\n<p>Als een rekeninghouder woont of is gevestigd in een CRS-land, registreert de financi\u00eble instelling in Cura\u00e7ao de CRS-gegevens in zijn administratie. Zij geeft deze elk jaar aan ons door (deadline is september). Wij geven de gegevens vervolgens door aan de belastingautoriteiten van het woonland of domicilie.<\/p>\n<p>Dit werkt op een vergelijkbare manier in de andere CRS-landen. Zo ontvangen wij gegevens van belastingautoriteiten uit CRS-landen over personen en bedrijven die daar een financi\u00eble rekening hebben en Cura\u00e7ao als hun fiscale woonland of domicilie hebben.<\/p>\n<h3><strong>Bescherming van persoonsgegevens<\/strong><\/h3>\n<p>Voordat CRS-landen informatie uitwisselen, zijn er verdere afspraken gemaakt. Ook over de bescherming van persoonsgegevens. De Organisatie voor Economische Samenwerking en Ontwikkeling (OESO) speelt hierin een belangrijke rol.<\/p>\n<\/div><\/li><li class=\"accordion__item \"><div class=\"accordion__header \" data-id=\"post-6212\" data-item=\"hfaq-post-6212\" style=\"background:#FFFFFF;\" data-tags=\"\"><div class=\"accordion__title\">Welke regels gelden voor het bepalen van het land van fiscale woonplaats of domicilie?<\/div><\/div><div class=\"accordion__body\" style=\"background:#FCFCFC;\"><p>Elk CRS-land heeft zijn eigen wetten en regels om het land van fiscale woonplaats of domicilie te bepalen. Informatie hierover is te vinden op de website van de Organisatie voor Economische Samenwerking en Ontwikkeling (OESO).<\/p>\n<h3><strong>Regels in Cura\u00e7ao<\/strong><\/h3>\n<p>In Cura\u00e7ao spelen omstandigheden een belangrijke rol bij het bepalen van het fiscale woonland of domicilie. Deze omstandigheden verschillen voor natuurlijke personen en organisaties.<\/p>\n<h3><strong>Natuurlijke personen<\/strong><\/h3>\n<p>Als natuurlijke persoon ben je een fiscaal inwoner van Cura\u00e7ao als je hier je permanente woonplaats of verblijf hebt. Wij controleren onder andere of de volgende omstandigheden van toepassing zijn:<\/p>\n<ul>\n<li>Je brengt het grootste deel van je tijd door op een adres in Cura\u00e7ao.<\/li>\n<li>Je partner en je familie wonen in Cura\u00e7ao.<\/li>\n<li>Je werkt in Cura\u00e7ao.<\/li>\n<li>Je bent verzekerd in Cura\u00e7ao.<\/li>\n<li>Je hebt een huisarts in Cura\u00e7ao.<\/li>\n<li>Je bent lid van 1 of meer Cura\u00e7aose verenigingen.<\/li>\n<li>Je kinderen volgen onderwijs in Cura\u00e7ao.<\/li>\n<\/ul>\n<h3><strong>Organisaties<\/strong><\/h3>\n<p>Om te bepalen of een organisatie fiscaal inwoner is in Cura\u00e7ao, kijken we onder andere naar de volgende omstandigheden:<\/p>\n<ul>\n<li>Waar worden de belangrijkste beleidsbeslissingen genomen?<\/li>\n<li>Waar werken en vergaderen de bestuursleden?<\/li>\n<li>Waar worden de administratie en de jaarrekeningen bijgehouden?<\/li>\n<\/ul>\n<p>Voor organisaties kunnen we ook naar de volgende omstandigheden kijken:<\/p>\n<ul>\n<li>Waar wonen en vergaderen de aandeelhouders?<\/li>\n<li>Waar is de organisatie geregistreerd?<\/li>\n<li>Waar is de organisatie opgericht?<\/li>\n<li>De rechtsvorm van een organisatie speelt ook een rol. Bijvoorbeeld, in een vennootschap onder firma kijken we ook naar de fiscale woonplaats van de vennoten.<\/li>\n<\/ul>\n<h3><strong>Meer dan 1 woonland of locatie?<\/strong><\/h3>\n<p>In uitzonderlijke gevallen kun je meerdere fiscale woonlanden hebben. Een bedrijf kan ook verschillende fiscale woonlanden hebben. Is dat het geval? Vraag dan advies aan een tussenpersoon.<\/p>\n<\/div><\/li><li class=\"accordion__item \"><div class=\"accordion__header \" data-id=\"post-6209\" data-item=\"hfaq-post-6209\" style=\"background:#FFFFFF;\" data-tags=\"\"><div class=\"accordion__title\">Wie moet gegevens verstrekken?<\/div><\/div><div class=\"accordion__body\" style=\"background:#FCFCFC;\"><p>Financi\u00eble instellingen zijn verplicht om gegevens aan de belastingautoriteiten te verstrekken volgens de Common Reporting Standard (CRS). Deze gegevens hebben betrekking op rekeningen van personen en organisaties die (mogelijk) belastingplichtig zijn in het buitenland.<\/p>\n<p>Met &#8216;financi\u00eble instelling&#8217; bedoelen we een depositoinstelling, een depositohouder, een investeringsentiteit of een specifieke verzekeringsmaatschappij.<\/p>\n<p>Sommige financi\u00eble instellingen, waaronder bepaalde overheidsinstanties en pensioenfondsen, zijn niet verplicht om gegevens over hun klanten te verstrekken. Meer informatie hierover is te vinden in de LIBB.<\/p>\n<p>Financi\u00eble instellingen die niet zijn vrijgesteld van het verstrekken van gegevens voor de CRS, moeten zich registreren bij de Belastingautoriteiten.<\/p>\n<p>Je moet je registreren bij de Belastingautoriteiten, als financi\u00eble instelling, in de situatie dat je gegevens moet verstrekken voor de CRS.<\/p>\n<p>In de situatie dat je niet bent vrijgesteld van het verstrekken van gegevens voor de CRS, maar er zijn geen gegevens te rapporteren? Dan moet je je nog steeds registreren bij de Belastingautoriteiten. Het blijft dan een eenmalige registratie. Je moet echter opnieuw rapporteren op eigen initiatief als deze situatie verandert.<\/p>\n<h3><strong>Contact met de Belastingautoriteiten<\/strong><\/h3>\n<p>Je kunt een e-mail sturen naar: <a href=\"mailto:info.aeoi@gobiernu.cw\" target=\"_blank\" rel=\"noopener noreferrer\">info.aeoi@gobiernu.cw<\/a>.<\/p>\n<p>In de FATCA\/CRS-richtlijnen vind je informatie over wie gegevens moet verstrekken en welke gegevens het betreft.<\/p>\n<p>Ben je onzeker of je een financi\u00eble instelling bent en of je gegevens moet verstrekken? Raadpleeg dan je belastingadviseur.<\/p>\n<\/div><\/li><\/article><\/section>[\/vc_column_text][\/vc_column][\/vc_row]<\/p>\n<\/section>","protected":false},"excerpt":{"rendered":"<p>[vc_row][vc_column width=&#8221;1\/3&#8243;][vc_custom_heading text=&#8221;Subpages&#8221; font_container=&#8221;tag:h4|text_align:left&#8221; use_theme_fonts=&#8221;yes&#8221; src=&#8221;&#8220;\/wp-content\/themes\/betheme-child\/images\/title-down-arrow.png&#8220;&#8221; width=&#8221;&#8220;10&#8220;&#8221; height=&#8221;&#8220;12&#8220;\/&#8221; el_class=&#8221;left-sidebar-title&#8221;][vc_wp_custommenu nav_menu=&#8221;281&#8243; el_class=&#8221;sidebar-menu&#8221;][\/vc_column][vc_column width=&#8221;2\/3&#8243;][vc_custom_heading text=&#8221;FAQ&#8221; use_theme_fonts=&#8221;yes&#8221;][vc_column_text el_class=&#8221;esm-content&#8221;][\/vc_column_text][\/vc_column][\/vc_row]<\/p>\n","protected":false},"author":1,"featured_media":0,"parent":5652,"menu_order":0,"comment_status":"closed","ping_status":"closed","template":"","meta":{"_acf_changed":false,"_crdt_document":"","footnotes":""},"class_list":["post-6205","page","type-page","status-publish","hentry"],"acf":[],"_links":{"self":[{"href":"https:\/\/minfin.cw\/nl\/wp-json\/wp\/v2\/pages\/6205","targetHints":{"allow":["GET"]}}],"collection":[{"href":"https:\/\/minfin.cw\/nl\/wp-json\/wp\/v2\/pages"}],"about":[{"href":"https:\/\/minfin.cw\/nl\/wp-json\/wp\/v2\/types\/page"}],"author":[{"embeddable":true,"href":"https:\/\/minfin.cw\/nl\/wp-json\/wp\/v2\/users\/1"}],"replies":[{"embeddable":true,"href":"https:\/\/minfin.cw\/nl\/wp-json\/wp\/v2\/comments?post=6205"}],"version-history":[{"count":3,"href":"https:\/\/minfin.cw\/nl\/wp-json\/wp\/v2\/pages\/6205\/revisions"}],"predecessor-version":[{"id":6233,"href":"https:\/\/minfin.cw\/nl\/wp-json\/wp\/v2\/pages\/6205\/revisions\/6233"}],"up":[{"embeddable":true,"href":"https:\/\/minfin.cw\/nl\/wp-json\/wp\/v2\/pages\/5652"}],"wp:attachment":[{"href":"https:\/\/minfin.cw\/nl\/wp-json\/wp\/v2\/media?parent=6205"}],"curies":[{"name":"wp","href":"https:\/\/api.w.org\/{rel}","templated":true}]}}