{"id":6201,"date":"2025-07-07T21:03:30","date_gmt":"2025-07-07T21:03:30","guid":{"rendered":"https:\/\/minfin.cw\/fatca-crs-intro-nl\/crs-seminars\/"},"modified":"2026-05-04T16:12:38","modified_gmt":"2026-05-04T16:12:38","slug":"crs-seminars","status":"publish","type":"page","link":"https:\/\/minfin.cw\/nl\/fatca-crs-intro-nl\/crs-seminars\/","title":{"rendered":"CRS Seminars"},"content":{"rendered":"<section class=\"wpb-content-wrapper\"><p>[vc_row][vc_column width=&#8221;1\/3&#8243;][vc_custom_heading text=&#8221;Subpages&#8221; font_container=&#8221;tag:h4|text_align:left&#8221; use_theme_fonts=&#8221;yes&#8221; src=&#8221;&#8220;\/wp-content\/themes\/betheme-child\/images\/title-down-arrow.png&#8220;&#8221; width=&#8221;&#8220;10&#8220;&#8221; height=&#8221;&#8220;12&#8220;\/&#8221; el_class=&#8221;left-sidebar-title&#8221;][vc_wp_custommenu nav_menu=&#8221;281&#8243; el_class=&#8221;sidebar-menu&#8221;][\/vc_column][vc_column width=&#8221;2\/3&#8243;][vc_custom_heading text=&#8221;CRS Seminars&#8221; use_theme_fonts=&#8221;yes&#8221;][vc_column_text el_class=&#8221;esm-content&#8221;]<\/p>\n<h3><strong>Agenda 2025\/2026:<\/strong><\/h3>\n<p>Wij nodigen u van harte uit voor de CRS Seminars, die worden georganiseerd door het Ministerie van Financi\u00ebn voor de financi\u00eble instellingen van Cura\u00e7ao. De Seminars geven belangrijke informatie over de relevante wet- en regelgeving met betrekking tot de Common Reporting Standard (CRS) verplichtingen. Bovendien worden de toezichtactiviteiten van het Ministerie van Financi\u00ebn aan u gepresenteerd. Door het bijwonen van de reeks seminars wordt u op de hoogte gebracht van alle nieuwe ontwikkelingen op het gebied van CRS en de verplichtingen die voortvloeien uit de wet- en regelgeving in het kader van CRS.<\/p>\n<p>Datum, tijd en locatie<\/p>\n<div class=\"event-list\">\n<div class=\"event-item\">\n<div class=\"event-date\">23 May 2025<\/div>\n<div class=\"event-details\">16:00\u201317:00<br \/>\nRenaissance Hotel<\/div>\n<\/div>\n<div class=\"event-item\">\n<div class=\"event-date\">10 June 2025<\/div>\n<div class=\"event-details\">16:00\u201317:00<br \/>\nRenaissance Hotel<\/div>\n<\/div>\n<div class=\"event-item\">\n<div class=\"event-date\">11 September 2025<\/div>\n<div class=\"event-details\">15:00\u201317:00<br \/>\nRenaissance Hotel (CRS workshop)<\/div>\n<\/div>\n<div class=\"event-item\">\n<div class=\"event-date\">23 October 2025<\/div>\n<div class=\"event-details\">16:00\u201317:30<br \/>\nRenaissance Hotel<\/div>\n<\/div>\n<div class=\"event-item\">\n<div class=\"event-date\">20 January 2026<\/div>\n<div class=\"event-details\">16:00\u201317:00<br \/>\nVirtuele Teams meeting<\/div>\n<\/div>\n<div class=\"event-item\">\n<div class=\"event-date\">07 May 2026<\/div>\n<div class=\"event-details\">16:00\u201317:00<br \/>\nCura\u00e7ao Marriott Beach Resort<\/div>\n<\/div>\n<div class=\"event-item\">\n<div class=\"event-date\">10 September 2026<\/div>\n<div class=\"event-details\">16:00\u201317:00<br \/>\nRenaissance Hotel<\/div>\n<\/div>\n<div class=\"event-item\">\n<div class=\"event-date\">12 November 2026<\/div>\n<div class=\"event-details\">16:00\u201317:00<br \/>\nRenaissance Hotel<\/div>\n<\/div>\n<\/div>\n<p>We zien je inschrijving voor deelname graag per e-mail tegemoet bij Mevr. Nettely Polonius: nettely.polonius@gobiernu.cw[\/vc_column_text][vc_column_text]<\/p>\n<h3><strong>Presentaties FI&#8217;s Seminars:<\/strong><\/h3>\n<ul>\n<li style=\"list-style-type: none;\">\n<ul>\n<li><a href=\"https:\/\/minfin.cw\/wp-content\/uploads\/2025\/06\/minfin-crs-seminar-23-may-2025.pdf\">Presentation of May 23, 2025<\/a><\/li>\n<li><a href=\"https:\/\/minfin.cw\/wp-content\/uploads\/2025\/07\/slidedeck-crs-seminar-10-june-2025.pptx\">Presentation of June 10, 2025<\/a><\/li>\n<li><a href=\"https:\/\/minfin.cw\/wp-content\/uploads\/2025\/09\/curacao-crs-workshop-10-July-2025-insurance-companies.pptx\" target=\"_blank\" rel=\"noopener\">curacao &#8211; crs (workshop 10 July 2025 insurance companies)<\/a><\/li>\n<li><a href=\"https:\/\/minfin.cw\/wp-content\/uploads\/2025\/09\/curacao-crs-workshop-10-July-2025-investment-entities.pptx\" target=\"_blank\" rel=\"noopener\">curacao &#8211; crs (workshop 10 July 2025 investment entities)<\/a><\/li>\n<li><a href=\"https:\/\/minfin.cw\/wp-content\/uploads\/2025\/09\/curacao-crs-workshop-11-July-2025-depository-institutions.pptx\" target=\"_blank\" rel=\"noopener\">curacao &#8211; crs (workshop 11 July 2025 depository institutions)<\/a><\/li>\n<li><a href=\"https:\/\/minfin.cw\/wp-content\/uploads\/2025\/09\/curacao-crs-workshop-11-September-2025.pptx\" target=\"_blank\" rel=\"noopener\">curacao &#8211; crs (workshop 11 September 2025)<\/a><\/li>\n<li><a href=\"https:\/\/minfin.cw\/wp-content\/uploads\/2025\/10\/crs-seminar-23-october-2025.pdf\" target=\"_blank\" rel=\"noopener\">crs seminar 23 october 2025<\/a><\/li>\n<li><a href=\"https:\/\/minfin.cw\/wp-content\/uploads\/2026\/01\/curacao-crs-webinar-20-january-2026.pdf\" target=\"_blank\" rel=\"noopener\">crs seminar 20 january 2026<\/a><\/li>\n<\/ul>\n<\/li>\n<\/ul>\n<p>[\/vc_column_text][\/vc_column][\/vc_row]<\/p>\n<\/section>","protected":false},"excerpt":{"rendered":"<p>[vc_row][vc_column width=&#8221;1\/3&#8243;][vc_custom_heading text=&#8221;Subpages&#8221; font_container=&#8221;tag:h4|text_align:left&#8221; use_theme_fonts=&#8221;yes&#8221; src=&#8221;&#8220;\/wp-content\/themes\/betheme-child\/images\/title-down-arrow.png&#8220;&#8221; width=&#8221;&#8220;10&#8220;&#8221; height=&#8221;&#8220;12&#8220;\/&#8221; el_class=&#8221;left-sidebar-title&#8221;][vc_wp_custommenu nav_menu=&#8221;281&#8243; el_class=&#8221;sidebar-menu&#8221;][\/vc_column][vc_column width=&#8221;2\/3&#8243;][vc_custom_heading text=&#8221;CRS Seminars&#8221; use_theme_fonts=&#8221;yes&#8221;][vc_column_text el_class=&#8221;esm-content&#8221;] Agenda 2025\/2026: Wij nodigen u van harte uit voor de<span class=\"excerpt-hellip\"> [\u2026]<\/span><\/p>\n","protected":false},"author":1,"featured_media":0,"parent":5652,"menu_order":0,"comment_status":"closed","ping_status":"closed","template":"","meta":{"_acf_changed":false,"_crdt_document":"","footnotes":""},"class_list":["post-6201","page","type-page","status-publish","hentry"],"acf":[],"_links":{"self":[{"href":"https:\/\/minfin.cw\/nl\/wp-json\/wp\/v2\/pages\/6201","targetHints":{"allow":["GET"]}}],"collection":[{"href":"https:\/\/minfin.cw\/nl\/wp-json\/wp\/v2\/pages"}],"about":[{"href":"https:\/\/minfin.cw\/nl\/wp-json\/wp\/v2\/types\/page"}],"author":[{"embeddable":true,"href":"https:\/\/minfin.cw\/nl\/wp-json\/wp\/v2\/users\/1"}],"replies":[{"embeddable":true,"href":"https:\/\/minfin.cw\/nl\/wp-json\/wp\/v2\/comments?post=6201"}],"version-history":[{"count":16,"href":"https:\/\/minfin.cw\/nl\/wp-json\/wp\/v2\/pages\/6201\/revisions"}],"predecessor-version":[{"id":6667,"href":"https:\/\/minfin.cw\/nl\/wp-json\/wp\/v2\/pages\/6201\/revisions\/6667"}],"up":[{"embeddable":true,"href":"https:\/\/minfin.cw\/nl\/wp-json\/wp\/v2\/pages\/5652"}],"wp:attachment":[{"href":"https:\/\/minfin.cw\/nl\/wp-json\/wp\/v2\/media?parent=6201"}],"curies":[{"name":"wp","href":"https:\/\/api.w.org\/{rel}","templated":true}]}}