{"id":1121,"date":"2019-03-07T18:08:23","date_gmt":"2019-03-07T18:08:23","guid":{"rendered":"https:\/\/minfin.cw\/faq\/"},"modified":"2025-07-08T04:59:04","modified_gmt":"2025-07-08T04:59:04","slug":"veel-gestelde-vragen-faq","status":"publish","type":"page","link":"https:\/\/minfin.cw\/nl\/veel-gestelde-vragen-faq\/","title":{"rendered":"Veel Gestelde Vragen (FAQ)"},"content":{"rendered":"<section class=\"wpb-content-wrapper\"><p>[vc_row][vc_column][vc_column_text]<section id='' class='helpie-faq accordions faq-toggle custom-styles ' data-collection='' data-pagination='0' data-search='0' data-pagination-enabled='0'><h3 class=\"collection-title\">Helpie FAQ<\/h3><form class=\"search\" onSubmit=\"return false;\"><div class=\"search__wrapper\"><input type=\"text\" class=\"search__input\" placeholder=\"Search FAQ\"><span class=\"search__icon\"><svg class=\"svg-icon--search\" role=\"img\" xmlns=\"http:\/\/www.w3.org\/2000\/svg\" viewBox=\"0 0 22 22\">\r\n                        <g fill=\"none\" stroke=\"#171717\">\r\n                            <path stroke-linecap=\"square\" stroke-width=\"2\" d=\"M18.5 18.3l-5.4-5.4\"\/>\r\n                            <circle cx=\"8\" cy=\"8\" r=\"7\" stroke-width=\"2\"\/>\r\n                        <\/g>\r\n                    <\/svg><\/span><\/div><div class=\"search__message\"><\/div><\/form><h3 class='accordion__heading accordion__category'>Met betrekking tot het aangaan van een verplichting en de betaalbaarstelling<\/h3><article class=\"accordion \"><li class=\"accordion__item \"><div class=\"accordion__header \" data-id=\"post-1238\" data-item=\"hfaq-post-1238\" style=\"background:#FFFFFF;\" data-tags=\"\"><div class=\"accordion__title\">Waar dient een factuur voor betaling te worden ingediend door de leverancier?<\/div><\/div><div class=\"accordion__body\" style=\"background:#FCFCFC;\"><p>Bij het Ministerie van Financi\u00ebn. Na registratie wordt de factuur naar het desbetreffende Ministerie voor verdere afhandeling doorgezonden.<\/p>\n<\/div><\/li><li class=\"accordion__item \"><div class=\"accordion__header \" data-id=\"post-1240\" data-item=\"hfaq-post-1240\" style=\"background:#FFFFFF;\" data-tags=\"\"><div class=\"accordion__title\">Aan welke voorwaarden moet een factuur voldoen?<\/div><\/div><div class=\"accordion__body\" style=\"background:#FCFCFC;\"><p>De navolgende gegevens dienen duidelijk op de factuur te worden vermeld.<\/p>\n<ul>\n<li>Naam en woonplaats van de rechthebbende.<\/li>\n<li>De aard van het werk, de levering of dienstverrichting.<\/li>\n<li>De dagtekening van de verrichting of levering.<\/li>\n<li>De grondslagen voor de berekening van het bedrag.<\/li>\n<li>De dagtekening en de handtekening van de rechthebbende<\/li>\n<li>De bank- of girorekening van de rechthebbende.<\/li>\n<\/ul>\n<\/div><\/li><li class=\"accordion__item \"><div class=\"accordion__header \" data-id=\"post-1242\" data-item=\"hfaq-post-1242\" style=\"background:#FFFFFF;\" data-tags=\"\"><div class=\"accordion__title\">Van welke bescheiden moet een factuur bij de indiening vergezeld zijn?<\/div><\/div><div class=\"accordion__body\" style=\"background:#FCFCFC;\"><ul>\n<li>Alle gegevens en verklaringen, nodig tot staving en beoordeling van de juistheid van de vordering.<\/li>\n<li>De desbetreffende bestelbon.<\/li>\n<li>De desbetreffende machtiging (indien vereist).<\/li>\n<\/ul>\n<\/div><\/li><li class=\"accordion__item \"><div class=\"accordion__header \" data-id=\"post-1250\" data-item=\"hfaq-post-1250\" style=\"background:#FFFFFF;\" data-tags=\"\"><div class=\"accordion__title\">Hoe en wanneer vindt de betaalbaarstelling van een factuur plaats?<\/div><\/div><div class=\"accordion__body\" style=\"background:#FCFCFC;\"><p>Betaalbaarstelling vindt meestal, binnen twee weken, n\u00e1 ontvangst van de door het Ministerie geaccordeerde factuur plaats, middels storting op de bankrekening van de rechthebbende.<\/p>\n<\/div><\/li><li class=\"accordion__item \"><div class=\"accordion__header \" data-id=\"post-1252\" data-item=\"hfaq-post-1252\" style=\"background:#FFFFFF;\" data-tags=\"\"><div class=\"accordion__title\">Wanneer wordt een factuur als verjaard beschouwd?<\/div><\/div><div class=\"accordion__body\" style=\"background:#FCFCFC;\"><p>Als de indiening ervan niet binnen de wettelijk voorgeschreven periode \u201318 maanden n\u00e1 aanvang van het dienstjaar waarin het recht verkregen is \u2013 wordt ingediend.<\/p>\n<\/div><\/li><li class=\"accordion__item \"><div class=\"accordion__header \" data-id=\"post-1254\" data-item=\"hfaq-post-1254\" style=\"background:#FFFFFF;\" data-tags=\"\"><div class=\"accordion__title\">Waar kan ik informatie verkrijgen m.b.t. uitstaande facturen?<\/div><\/div><div class=\"accordion__body\" style=\"background:#FCFCFC;\"><p>U kunt contact opnemen met een medewerker van de Financi\u00eble Administratie van de overheid.<\/p>\n<\/div><\/li><li class=\"accordion__item \"><div class=\"accordion__header \" data-id=\"post-1262\" data-item=\"hfaq-post-1262\" style=\"background:#FFFFFF;\" data-tags=\"\"><div class=\"accordion__title\">Waar moet de betaling van een inningopdracht plaatsvinden?<\/div><\/div><div class=\"accordion__body\" style=\"background:#FCFCFC;\"><p>Een inningopdracht dient binnen 2 weken n\u00e1 ontvangst bij de Landsontvanger te worden voldaan. Betalingen kunnen ook middels storting op de rekening van de Landsontvanger bij lokale banken plaatsvinden.<\/p>\n<\/div><\/li><li class=\"accordion__item \"><div class=\"accordion__header \" data-id=\"post-1266\" data-item=\"hfaq-post-1266\" style=\"background:#FFFFFF;\" data-tags=\"\"><div class=\"accordion__title\">Waar kan ik informatie verkrijgen m.b.t. ontvangen inningopdrachten?<\/div><\/div><div class=\"accordion__body\" style=\"background:#FCFCFC;\"><p>U kunt contact opnemen met een medewerker van de Financi\u00eble Administratie van de overheid.<\/p>\n<\/div><\/li><li class=\"accordion__item \"><div class=\"accordion__header \" data-id=\"post-1270\" data-item=\"hfaq-post-1270\" style=\"background:#FFFFFF;\" data-tags=\"\"><div class=\"accordion__title\">In welke gevallen is een bestelbon vereist?<\/div><\/div><div class=\"accordion__body\" style=\"background:#FCFCFC;\"><p>Voor elke verplichting is een bestelbon vereist. De bestelbon is een waarborg voor de leverancier teneinde betaling van zijn factuur te verkrijgen. Facturen die niet vergezeld zijn van een bestelbon komen niet voor betaling in aanmerking.<\/p>\n<\/div><\/li><\/article><h3 class='accordion__heading accordion__category'>Met betrekking tot de (wijziging van de) begroting en de verantwoording van de uitgaven<\/h3><article class=\"accordion \"><li class=\"accordion__item \"><div class=\"accordion__header \" data-id=\"post-1143\" data-item=\"hfaq-post-1143\" style=\"background:#FFFFFF;\" data-tags=\"\"><div class=\"accordion__title\">Wat is de begroting?<\/div><\/div><div class=\"accordion__body\" style=\"background:#FCFCFC;\"><p>De begroting bevat de raming van de maximale uitgaven en van de verwachte ontvangsten. De begroting is een landsverordening die door het Parlement wordt vastgesteld en is dus een wet.<\/p>\n<\/div><\/li><li class=\"accordion__item \"><div class=\"accordion__header \" data-id=\"post-1145\" data-item=\"hfaq-post-1145\" style=\"background:#FFFFFF;\" data-tags=\"\"><div class=\"accordion__title\">Wanneer begint het begrotingsjaar?<\/div><\/div><div class=\"accordion__body\" style=\"background:#FCFCFC;\"><p>Het begrotingsjaar loopt gelijk met het kalenderjaar en begint dus telkens op 1 januari en eindigt op 31 december van dat jaar.<\/p>\n<\/div><\/li><li class=\"accordion__item \"><div class=\"accordion__header \" data-id=\"post-1147\" data-item=\"hfaq-post-1147\" style=\"background:#FFFFFF;\" data-tags=\"\"><div class=\"accordion__title\">Bij wie berust het budgetrecht?<\/div><\/div><div class=\"accordion__body\" style=\"background:#FCFCFC;\"><p>Het budgetrecht berust bij het Parlement.<\/p>\n<\/div><\/li><li class=\"accordion__item \"><div class=\"accordion__header \" data-id=\"post-1149\" data-item=\"hfaq-post-1149\" style=\"background:#FFFFFF;\" data-tags=\"\"><div class=\"accordion__title\">Wat houdt het budgetrecht in?<\/div><\/div><div class=\"accordion__body\" style=\"background:#FCFCFC;\"><p>Het budgetrecht houdt in dat het Parlement de Regering autoriseert om uitgaven tot aan een vastgesteld plafond te plegen voor bepaalde doelen en dat daarbuiten of daarboven geen uitgaven mogen plaatsvinden.<\/p>\n<\/div><\/li><li class=\"accordion__item \"><div class=\"accordion__header \" data-id=\"post-1159\" data-item=\"hfaq-post-1159\" style=\"background:#FFFFFF;\" data-tags=\"\"><div class=\"accordion__title\">Ontstaat er een verplichting bij het budgetteren van een bedrag in de begroting?<\/div><\/div><div class=\"accordion__body\" style=\"background:#FCFCFC;\"><p>Nee. Met de vaststelling van de begroting wordt de Regering geautoriseerd maximaal het budget dat daarin is opgenomen uit te geven doch formeel mag de Regering minder uitgeven.<\/p>\n<\/div><\/li><li class=\"accordion__item \"><div class=\"accordion__header \" data-id=\"post-1161\" data-item=\"hfaq-post-1161\" style=\"background:#FFFFFF;\" data-tags=\"\"><div class=\"accordion__title\">Wanneer treedt de begroting in werking?<\/div><\/div><div class=\"accordion__body\" style=\"background:#FCFCFC;\"><p>De landsverordening tot vaststelling van de begroting treedt in werking met ingang van 1 januari van het dienstjaar waarop de begroting betrekking heeft. Zij wordt geacht met ingang van die dag in werking te zijn getreden, indien zij eerst daarna in het Publicatieblad is geplaatst.<\/p>\n<\/div><\/li><li class=\"accordion__item \"><div class=\"accordion__header \" data-id=\"post-1163\" data-item=\"hfaq-post-1163\" style=\"background:#FFFFFF;\" data-tags=\"\"><div class=\"accordion__title\">Welk begrotingsstelsel hanteert de overheid?<\/div><\/div><div class=\"accordion__body\" style=\"background:#FCFCFC;\"><p>De overheid hanteert het baten en lasten stelsel als begrotingsstelsel. In dit stelsel worden de lasten verantwoord ten laste van dat begrotingsjaar waarin het verbruik heeft plaatsgevonden. Niet de uitgaven doch de lasten worden verantwoord.<\/p>\n<\/div><\/li><li class=\"accordion__item \"><div class=\"accordion__header \" data-id=\"post-1165\" data-item=\"hfaq-post-1165\" style=\"background:#FFFFFF;\" data-tags=\"\"><div class=\"accordion__title\">Waaruit bestaat de begroting van de overheid?<\/div><\/div><div class=\"accordion__body\" style=\"background:#FCFCFC;\"><p>De begroting van de overheid bestaat uit de cijfermatige beleidsbegroting en de memorie van toelichting daarop, inclusief de meerjarenbegroting. De beleidsbegroting is ingedeeld in een gewone dienst en een kapitaaldienst.<\/p>\n<p>Ten behoeve van het beheer in de begrotingsuitvoering kent de begroting een cijfermatige beheersbegroting en een artikelsgewijze toelichting daarop. Ook de beheersbegroting is ingedeeld in een gewone dienst en kapitaaldienst.<\/p>\n<\/div><\/li><li class=\"accordion__item \"><div class=\"accordion__header \" data-id=\"post-1167\" data-item=\"hfaq-post-1167\" style=\"background:#FFFFFF;\" data-tags=\"\"><div class=\"accordion__title\">Wat is de gewone dienst?<\/div><\/div><div class=\"accordion__body\" style=\"background:#FCFCFC;\"><p>Op de gewone dienst worden de lopende baten en lasten geraamd. Dit zijn de operationele baten en lasten.<\/p>\n<\/div><\/li><li class=\"accordion__item \"><div class=\"accordion__header \" data-id=\"post-1169\" data-item=\"hfaq-post-1169\" style=\"background:#FFFFFF;\" data-tags=\"\"><div class=\"accordion__title\">Wat is de kapitaaldienst?<\/div><\/div><div class=\"accordion__body\" style=\"background:#FCFCFC;\"><p>Op de kapitaaldienst worden de kapitaalsuitgaven en -inkomsten geraamd.<\/p>\n<\/div><\/li><li class=\"accordion__item \"><div class=\"accordion__header \" data-id=\"post-1197\" data-item=\"hfaq-post-1197\" style=\"background:#FFFFFF;\" data-tags=\"\"><div class=\"accordion__title\">Wat is het verschil tussen de beleidsbegroting en de beheersbegroting?<\/div><\/div><div class=\"accordion__body\" style=\"background:#FCFCFC;\"><p>Het verschil tussen de beleidsbegroting en de beheersbegroting is:<\/p>\n<ul>\n<li>De beleidsbegroting kent een hoger aggregatieniveau; zij is opgesteld op het niveau van economische categorie\u00ebn en regelt de verhoudingen tussen de Regering en het Parlement.<\/li>\n<li>De beheersbegroting kent een lager aggregatieniveau; zij is opgesteld op het niveau van kostensoorten en regelt de verhoudingen binnen het bestuurlijke apparaat.<\/li>\n<\/ul>\n<\/div><\/li><li class=\"accordion__item \"><div class=\"accordion__header \" data-id=\"post-1199\" data-item=\"hfaq-post-1199\" style=\"background:#FFFFFF;\" data-tags=\"\"><div class=\"accordion__title\">Wat is een meerjarenbegroting?<\/div><\/div><div class=\"accordion__body\" style=\"background:#FCFCFC;\"><p>De meerjarenbegroting van de overheid bevat ramingen voor het jaar waarvoor de begroting strekt en de 3 onmiddellijk daarop volgende jaren.<\/p>\n<\/div><\/li><li class=\"accordion__item \"><div class=\"accordion__header \" data-id=\"post-1201\" data-item=\"hfaq-post-1201\" style=\"background:#FFFFFF;\" data-tags=\"\"><div class=\"accordion__title\">Wat is de begrotingscyclus?<\/div><\/div><div class=\"accordion__body\" style=\"background:#FCFCFC;\"><p>De budgetcyclus kent drie fasen:<\/p>\n<ul>\n<li>De begrotingsvoorbereiding<\/li>\n<li>De begrotingsuitvoering<\/li>\n<li>De verantwoording en dechargeverlening door het Parlement<\/li>\n<\/ul>\n<\/div><\/li><li class=\"accordion__item \"><div class=\"accordion__header \" data-id=\"post-1209\" data-item=\"hfaq-post-1209\" style=\"background:#FFFFFF;\" data-tags=\"\"><div class=\"accordion__title\">Hoeveel jaren beslaat de begrotingscyclus?<\/div><\/div><div class=\"accordion__body\" style=\"background:#FCFCFC;\"><p>De begrotingscyclus beslaat minimaal 3 jaren. De voorbereiding van de begroting begint in het jaar voorafgaande aan het jaar waar de begroting voor strekt en wordt afgerond met de vaststelling van de begroting door het Parlement. De begrotingsuitvoering loopt gedurende het begrotingsjaar. De verantwoording vindt plaats in het jaar volgend op het jaar waarin afsluiting van het dienstjaar plaatsvindt. Vervolgens vindt de behandeling in de Staten plaats die moet uitmonden in de goedkeuring van de rekening en dechargeverlening door het Parlement.<\/p>\n<\/div><\/li><li class=\"accordion__item \"><div class=\"accordion__header \" data-id=\"post-1211\" data-item=\"hfaq-post-1211\" style=\"background:#FFFFFF;\" data-tags=\"\"><div class=\"accordion__title\">Eindigt de begrotingscyclus op 31 december?<\/div><\/div><div class=\"accordion__body\" style=\"background:#FCFCFC;\"><p>Nee, de begrotingscyclus eindigt met de behandeling in de Staten van de jaarrekening en het jaarverslag die moet uitmonden in de goedkeuring van de rekening en dechargeverlening door het Parlement.<\/p>\n<\/div><\/li><li class=\"accordion__item \"><div class=\"accordion__header \" data-id=\"post-1213\" data-item=\"hfaq-post-1213\" style=\"background:#FFFFFF;\" data-tags=\"\"><div class=\"accordion__title\">Wat zijn budgetdisciplineregels?<\/div><\/div><div class=\"accordion__body\" style=\"background:#FCFCFC;\"><p>Dit is een geheel van richtlijnen die de beheersing van de overheidsuitgaven beogen met als doel afwijkingen van de door het Parlement vastgestelde begroting te voorkomen en overeenstemming van de begrotingsuitvoering met het budgetrecht van het Parlement te realiseren.<\/p>\n<\/div><\/li><li class=\"accordion__item \"><div class=\"accordion__header \" data-id=\"post-1221\" data-item=\"hfaq-post-1221\" style=\"background:#FFFFFF;\" data-tags=\"\"><div class=\"accordion__title\">Wat is een nota van wijziging op de begroting?<\/div><\/div><div class=\"accordion__body\" style=\"background:#FCFCFC;\"><p>De begroting is een landsverordening die door het Parlement wordt vastgesteld en is dus een wet. Zij is een wetsontwerp totdat zij door het Parlement is vastgesteld; tot dan wordt gesproken van ontwerpbegroting. Zolang de begroting nog niet is vastgesteld kunnen wijzigingen plaatsvinden middels een nota van wijziging op de begroting.<\/p>\n<\/div><\/li><li class=\"accordion__item \"><div class=\"accordion__header \" data-id=\"post-1225\" data-item=\"hfaq-post-1225\" style=\"background:#FFFFFF;\" data-tags=\"\"><div class=\"accordion__title\">Wat is een suppletoire begroting?<\/div><\/div><div class=\"accordion__body\" style=\"background:#FCFCFC;\"><p>De begroting is een landsverordening die door het Parlement wordt vastgesteld en is dus een wet. Tijdens de uitvoering van de begroting kan de noodzaak ontstaan om aanpassingen aan te brengen in de door het Parlement vastgestelde begroting. Deze aanpassingen vinden dan plaats middels landsverordening tot wijziging van de begroting, zogenaamde suppletoire begrotingen.<\/p>\n<\/div><\/li><li class=\"accordion__item \"><div class=\"accordion__header \" data-id=\"post-1229\" data-item=\"hfaq-post-1229\" style=\"background:#FFFFFF;\" data-tags=\"\"><div class=\"accordion__title\">Wanneer treedt de suppletoire begroting in werking?<\/div><\/div><div class=\"accordion__body\" style=\"background:#FCFCFC;\"><p>De suppletoire begroting treedt in werking met ingang van de dag na de datum van uitgifte van het Publicatieblad, waarin zij is geplaatst. Indien zodanige landsverordening tot stand komt na de 31ste december van het betrokken dienstjaar, wordt zij geacht op die dag in werking te zijn getreden.<\/p>\n<\/div><\/li><li class=\"accordion__item \"><div class=\"accordion__header \" data-id=\"post-1233\" data-item=\"hfaq-post-1233\" style=\"background:#FFFFFF;\" data-tags=\"\"><div class=\"accordion__title\">Wat is het verschil tussen een nota van wijziging op de begroting en een suppletoire begroting?<\/div><\/div><div class=\"accordion__body\" style=\"background:#FCFCFC;\"><p>De begroting is een landsverordening die door het Parlement wordt vastgesteld en is dus een wet. Een nota van wijziging op de begroting en een suppletoire begroting zijn beide aanpassingen op een begroting. Maar een nota van wijziging op de begroting betreft de aanpassing van een nog niet door het Parlement vastgestelde begroting (ontwerpbegroting\/wetsontwerp) en een suppletoire begroting, die zelf een wet is, betreft de aanpassing van een door het Parlement reeds vastgestelde begroting (begroting\/wet).<\/p>\n<\/div><\/li><\/article><h3 class='accordion__heading accordion__category'>Financi\u00eble normen<\/h3><article class=\"accordion \"><li class=\"accordion__item \"><div class=\"accordion__header \" data-id=\"post-1132\" data-item=\"hfaq-post-1132\" style=\"background:#FFFFFF;\" data-tags=\"\"><div class=\"accordion__title\">Kent Cura\u00e7ao financi\u00eble normen?<\/div><\/div><div class=\"accordion__body\" style=\"background:#FCFCFC;\"><p>Ja, de financi\u00eble normen zijn bij wet vastgesteld in de Rijkswet Financieel Toezicht Cura\u00e7ao en Sint Maarten, de Staatsregeling van Cura\u00e7ao en de Landsverordening Comptabiliteit 2010.<\/p>\n<\/div><\/li><li class=\"accordion__item \"><div class=\"accordion__header \" data-id=\"post-1130\" data-item=\"hfaq-post-1130\" style=\"background:#FFFFFF;\" data-tags=\"\"><div class=\"accordion__title\">Welke financi\u00eble normen heeft Cura\u00e7ao?<\/div><\/div><div class=\"accordion__body\" style=\"background:#FCFCFC;\"><p>De wettelijk verankerde financi\u00eble normen zijn:<\/p>\n<ul>\n<li>Een sluitende gewone dienst. Dat wil zeggen dat de gewone dienst in evenwicht moet zijn dan wel dat de lopende ontvangsten en uitgaven gelijk moeten zijn.<\/li>\n<li>Een toelaatbaar tekort op de kapitaaldienst. Dit houdt in dat ter financiering van kapitaaluitgaven geleend mag worden, mits dit past binnen de rentelastnorm \u00e9n de gewone dienst in evenwicht blijft.<\/li>\n<li>De rentelastnorm. De rentelastnorm houdt in dat de totale rentelasten in een dienstjaar niet meer mogen bedragen dan het bedrag dat overeenkomt met 5% van de gemiddeld in 3 voorafgaande jaren gerealiseerde inkomsten.<\/li>\n<\/ul>\n<\/div><\/li><li class=\"accordion__item \"><div class=\"accordion__header \" data-id=\"post-1128\" data-item=\"hfaq-post-1128\" style=\"background:#FFFFFF;\" data-tags=\"\"><div class=\"accordion__title\">Waarom zijn financi\u00eble normen belangrijk?<\/div><\/div><div class=\"accordion__body\" style=\"background:#FCFCFC;\"><p>Financi\u00eble normen bestaan ter voorkoming van een onhoudbare schuldpositie bij de overheid.<\/p>\n<\/div><\/li><li class=\"accordion__item \"><div class=\"accordion__header \" data-id=\"post-1126\" data-item=\"hfaq-post-1126\" style=\"background:#FFFFFF;\" data-tags=\"\"><div class=\"accordion__title\">Dienen financi\u00eble normen wettelijk verankerd te zijn?<\/div><\/div><div class=\"accordion__body\" style=\"background:#FCFCFC;\"><p>Nee, maar de wettelijke verankering van financi\u00eble normen maakt het begrotingsbeleid transparanter en bevordert het vertrouwen in de overheid.<\/p>\n<\/div><\/li><\/article><\/section>[\/vc_column_text][\/vc_column][\/vc_row][vc_row el_class=&#8221;faq_form_wrapper&#8221;][vc_column][vc_column_text]<\/p>\n<h2 class=\"blue_header\"><strong>Ask a new question<\/strong><\/h2>\n<p>[\/vc_column_text]\n<div class=\"wpcf7 no-js\" id=\"wpcf7-f739-o1\" lang=\"en-US\" dir=\"ltr\" data-wpcf7-id=\"739\">\n<div class=\"screen-reader-response\"><p role=\"status\" aria-live=\"polite\" aria-atomic=\"true\"><\/p> <ul><\/ul><\/div>\n<form action=\"\/nl\/wp-json\/wp\/v2\/pages\/1121#wpcf7-f739-o1\" method=\"post\" class=\"wpcf7-form init\" aria-label=\"Contact form\" novalidate=\"novalidate\" data-status=\"init\">\n<fieldset class=\"hidden-fields-container\"><input type=\"hidden\" name=\"_wpcf7\" value=\"739\" \/><input type=\"hidden\" name=\"_wpcf7_version\" value=\"6.1.5\" \/><input type=\"hidden\" name=\"_wpcf7_locale\" value=\"en_US\" \/><input type=\"hidden\" name=\"_wpcf7_unit_tag\" value=\"wpcf7-f739-o1\" \/><input type=\"hidden\" name=\"_wpcf7_container_post\" value=\"0\" \/><input type=\"hidden\" name=\"_wpcf7_posted_data_hash\" value=\"\" \/>\n<\/fieldset>\n<p><label>Name* <span class=\"wpcf7-form-control-wrap\" data-name=\"your-name\"><input size=\"40\" maxlength=\"400\" class=\"wpcf7-form-control wpcf7-text wpcf7-validates-as-required\" aria-required=\"true\" aria-invalid=\"false\" value=\"\" type=\"text\" name=\"your-name\" \/><\/span> <\/label>\n<\/p>\n<p><label>Email Address* <span class=\"wpcf7-form-control-wrap\" data-name=\"email-address\"><input size=\"40\" maxlength=\"400\" class=\"wpcf7-form-control wpcf7-email wpcf7-validates-as-required wpcf7-text wpcf7-validates-as-email\" aria-required=\"true\" aria-invalid=\"false\" value=\"\" type=\"email\" name=\"email-address\" \/><\/span> <\/label>\n<\/p>\n<p><label> Subject* <span class=\"wpcf7-form-control-wrap\" data-name=\"subject\"><select class=\"wpcf7-form-control wpcf7-select wpcf7-validates-as-required\" aria-required=\"true\" aria-invalid=\"false\" name=\"subject\"><option value=\"Financial standards\">Financial standards<\/option><option value=\"Regarding the (modification of the) budget and accountability for expenditures\">Regarding the (modification of the) budget and accountability for expenditures<\/option><option value=\"Regarding honoring a commitment and validating payment\">Regarding honoring a commitment and validating payment<\/option><\/select><\/span> <\/label>\n<\/p>\n<p><label> Your question* <span class=\"wpcf7-form-control-wrap\" data-name=\"your-question\"><textarea cols=\"40\" rows=\"10\" maxlength=\"2000\" class=\"wpcf7-form-control wpcf7-textarea\" aria-invalid=\"false\" name=\"your-question\"><\/textarea><\/span> <\/label>\n<\/p>\n<div id=\"cf7sr-69da171688a46\" class=\"cf7sr-g-recaptcha\" data-theme=\"light\" data-type=\"image\" data-size=\"normal\" data-sitekey=\"6LfiFZsUAAAAAI93rajwUvZ33WmwhFYiVpXmZwnG\"><\/div><span class=\"wpcf7-form-control-wrap cf7sr-recaptcha\" data-name=\"cf7sr-recaptcha\"><input type=\"hidden\" name=\"cf7sr-recaptcha\" value=\"\" class=\"wpcf7-form-control\"><\/span>\n<\/p>\n<p><input class=\"wpcf7-form-control wpcf7-submit has-spinner\" type=\"submit\" value=\"Submit your question\" \/>\n<\/p><div class=\"wpcf7-response-output\" aria-hidden=\"true\"><\/div>\n<\/form>\n<\/div>\n[\/vc_column][\/vc_row]<\/p>\n<\/section>","protected":false},"excerpt":{"rendered":"<p>[vc_row][vc_column][vc_column_text][\/vc_column_text][\/vc_column][\/vc_row][vc_row el_class=&#8221;faq_form_wrapper&#8221;][vc_column][vc_column_text] Ask a new question [\/vc_column_text][\/vc_column][\/vc_row]<\/p>\n","protected":false},"author":1,"featured_media":0,"parent":0,"menu_order":0,"comment_status":"closed","ping_status":"closed","template":"","meta":{"_acf_changed":false,"_crdt_document":"","footnotes":""},"class_list":["post-1121","page","type-page","status-publish","hentry"],"acf":[],"_links":{"self":[{"href":"https:\/\/minfin.cw\/nl\/wp-json\/wp\/v2\/pages\/1121","targetHints":{"allow":["GET"]}}],"collection":[{"href":"https:\/\/minfin.cw\/nl\/wp-json\/wp\/v2\/pages"}],"about":[{"href":"https:\/\/minfin.cw\/nl\/wp-json\/wp\/v2\/types\/page"}],"author":[{"embeddable":true,"href":"https:\/\/minfin.cw\/nl\/wp-json\/wp\/v2\/users\/1"}],"replies":[{"embeddable":true,"href":"https:\/\/minfin.cw\/nl\/wp-json\/wp\/v2\/comments?post=1121"}],"version-history":[{"count":5,"href":"https:\/\/minfin.cw\/nl\/wp-json\/wp\/v2\/pages\/1121\/revisions"}],"predecessor-version":[{"id":6222,"href":"https:\/\/minfin.cw\/nl\/wp-json\/wp\/v2\/pages\/1121\/revisions\/6222"}],"wp:attachment":[{"href":"https:\/\/minfin.cw\/nl\/wp-json\/wp\/v2\/media?parent=1121"}],"curies":[{"name":"wp","href":"https:\/\/api.w.org\/{rel}","templated":true}]}}